{"id":3,"date":"2025-02-06T19:32:59","date_gmt":"2025-02-06T19:32:59","guid":{"rendered":"https:\/\/idetone.cz\/?page_id=3"},"modified":"2026-03-18T21:54:47","modified_gmt":"2026-03-18T21:54:47","slug":"obchodni-podminky","status":"publish","type":"page","link":"https:\/\/idetone.cz\/index.php\/obchodni-podminky\/","title":{"rendered":"Obchodn\u00ed podm\u00ednky"},"content":{"rendered":"\t\t<div data-elementor-type=\"wp-page\" data-elementor-id=\"3\" class=\"elementor elementor-3\">\n\t\t\t\t<div class=\"elementor-element elementor-element-2852f3f e-con-full e-flex e-con e-parent\" data-id=\"2852f3f\" data-element_type=\"container\" data-e-type=\"container\" data-settings=\"{&quot;background_background&quot;:&quot;classic&quot;,&quot;animation&quot;:&quot;none&quot;,&quot;position&quot;:&quot;fixed&quot;}\">\n\t\t<a class=\"elementor-element elementor-element-2a99fa3 e-con-full e-flex e-con e-child\" data-id=\"2a99fa3\" data-element_type=\"container\" data-e-type=\"container\" href=\"https:\/\/idetone.cz\/\">\n\t\t\t\t<div class=\"elementor-element elementor-element-c848339 elementor-widget elementor-widget-heading\" data-id=\"c848339\" data-element_type=\"widget\" data-e-type=\"widget\" data-widget_type=\"heading.default\">\n\t\t\t\t<div class=\"elementor-widget-container\">\n\t\t\t\t\t<h3 class=\"elementor-heading-title elementor-size-default\">i d e<\/h3>\t\t\t\t<\/div>\n\t\t\t\t<\/div>\n\t\t\t\t<div class=\"elementor-element elementor-element-97b576e elementor-widget elementor-widget-heading\" data-id=\"97b576e\" data-element_type=\"widget\" data-e-type=\"widget\" data-widget_type=\"heading.default\">\n\t\t\t\t<div class=\"elementor-widget-container\">\n\t\t\t\t\t<h3 class=\"elementor-heading-title elementor-size-default\">T o n e<\/h3>\t\t\t\t<\/div>\n\t\t\t\t<\/div>\n\t\t\t\t<\/a>\n\t\t\t\t<div class=\"elementor-element elementor-element-617b587 elementor-widget elementor-widget-ekit-nav-menu\" data-id=\"617b587\" data-element_type=\"widget\" data-e-type=\"widget\" data-widget_type=\"ekit-nav-menu.default\">\n\t\t\t\t<div class=\"elementor-widget-container\">\n\t\t\t\t\t\t\t<nav class=\"ekit-wid-con ekit_menu_responsive_tablet\"\n\t\t\tdata-hamburger-icon=\"\"\n\t\t\tdata-hamburger-icon-type=\"icon\"\n\t\t\tdata-responsive-breakpoint=\"1024\">\n\t\t\t            <button class=\"elementskit-menu-hamburger elementskit-menu-toggler\"  type=\"button\" aria-label=\"hamburger-icon\">\n                                    <span class=\"elementskit-menu-hamburger-icon\"><\/span><span class=\"elementskit-menu-hamburger-icon\"><\/span><span class=\"elementskit-menu-hamburger-icon\"><\/span>\n                            <\/button>\n            <div id=\"ekit-megamenu-idetone-menu\" class=\"elementskit-menu-container elementskit-menu-offcanvas-elements elementskit-navbar-nav-default ekit-nav-menu-one-page- ekit-nav-dropdown-hover\"><ul id=\"menu-idetone-menu\" class=\"elementskit-navbar-nav elementskit-menu-po-right submenu-click-on-icon\"><li id=\"menu-item-2000\" class=\"menu-item menu-item-type-custom menu-item-object-custom menu-item-has-children menu-item-2000 nav-item elementskit-dropdown-has relative_position elementskit-dropdown-menu-default_width elementskit-mobile-builder-content\" data-vertical-menu=750px><a role=\"button\" aria-expanded=\"false\" href=\"#\" class=\"ekit-menu-nav-link ekit-menu-dropdown-toggle menu-link\">Reprosoustavy<i aria-hidden=\"true\" class=\"icon icon-down-arrow1 elementskit-submenu-indicator\"><\/i><\/a>\n<ul class=\"elementskit-dropdown elementskit-submenu-panel\">\n\t<li id=\"menu-item-76\" class=\"menu-item menu-item-type-post_type menu-item-object-page menu-item-76 nav-item elementskit-mobile-builder-content\" data-vertical-menu=750px><a href=\"https:\/\/idetone.cz\/index.php\/reva\/\" class=\" dropdown-item menu-link\">Reva<\/a>\t<li id=\"menu-item-73\" class=\"menu-item menu-item-type-post_type menu-item-object-page menu-item-73 nav-item elementskit-mobile-builder-content\" data-vertical-menu=750px><a href=\"https:\/\/idetone.cz\/index.php\/sara\/\" class=\" dropdown-item menu-link\">Sara<\/a>\t<li id=\"menu-item-2475\" class=\"menu-item menu-item-type-custom menu-item-object-custom menu-item-2475 nav-item elementskit-mobile-builder-content\" data-vertical-menu=750px><a href=\"#\" class=\" dropdown-item menu-link\">Zak\u00e1zkov\u00e9 projekty<\/a><\/ul>\n<\/li>\n<li id=\"menu-item-74\" class=\"menu-item menu-item-type-post_type menu-item-object-page menu-item-74 nav-item elementskit-mobile-builder-content\" data-vertical-menu=750px><a href=\"https:\/\/idetone.cz\/index.php\/o-idetone\/\" class=\"ekit-menu-nav-link menu-link\">O ideTone<\/a><\/li>\n<li id=\"menu-item-237\" class=\"menu-item menu-item-type-post_type menu-item-object-page menu-item-237 nav-item elementskit-mobile-builder-content\" data-vertical-menu=750px><a href=\"https:\/\/idetone.cz\/index.php\/technologie\/\" class=\"ekit-menu-nav-link menu-link\">Technologie<\/a><\/li>\n<li id=\"menu-item-75\" class=\"menu-item menu-item-type-post_type menu-item-object-page menu-item-75 nav-item elementskit-mobile-builder-content\" data-vertical-menu=750px><a href=\"https:\/\/idetone.cz\/index.php\/kontakty\/\" class=\"ekit-menu-nav-link menu-link\">Kontakty<\/a><\/li>\n<li id=\"menu-item-241\" class=\"menu-item menu-item-type-post_type menu-item-object-page menu-item-241 nav-item elementskit-mobile-builder-content\" data-vertical-menu=750px><a href=\"https:\/\/idetone.cz\/index.php\/objednat\/\" class=\"ekit-menu-nav-link menu-link\">Objednat<\/a><\/li>\n<\/ul><div class=\"elementskit-nav-identity-panel\"><a class=\"elementskit-nav-logo\" href=\"https:\/\/idetone.cz\" target=\"\" rel=\"\"><img src=\"https:\/\/idetone.cz\/wp-content\/uploads\/2025\/02\/placeholder-661-1.png\" title=\"placeholder-661-1.png\" alt=\"placeholder-661-1.png\" decoding=\"async\" \/><\/a><button class=\"elementskit-menu-close elementskit-menu-toggler\" type=\"button\">X<\/button><\/div><\/div>\n\t\t\t<div class=\"elementskit-menu-overlay elementskit-menu-offcanvas-elements elementskit-menu-toggler ekit-nav-menu--overlay\"><\/div>        <\/nav>\n\t\t\t\t\t\t<\/div>\n\t\t\t\t<\/div>\n\t\t\t\t<\/div>\n\t\t<div class=\"elementor-element elementor-element-6785bd8f e-flex e-con-boxed e-con e-parent\" data-id=\"6785bd8f\" data-element_type=\"container\" data-e-type=\"container\" data-settings=\"{&quot;background_background&quot;:&quot;classic&quot;}\">\n\t\t\t\t\t<div class=\"e-con-inner\">\n\t\t\t\t<div class=\"elementor-element elementor-element-309ca090 elementor-widget elementor-widget-text-editor\" data-id=\"309ca090\" data-element_type=\"widget\" data-e-type=\"widget\" data-widget_type=\"text-editor.default\">\n\t\t\t\t<div class=\"elementor-widget-container\">\n\t\t\t\t\t\t\t\t\t\n<p><strong>Obchodn\u00ed podm\u00ednky pro v\u00fdrobu reproduktor\u016f na zak\u00e1zku<\/strong><\/p>\n<p><strong>I. \u00davodn\u00ed ustanoven\u00ed<\/strong><\/p>\n<p>1.1 Tyto obchodn\u00ed podm\u00ednky upravuj\u00ed vztah mezi firmou <strong>ideTone<\/strong> (d\u00e1le jen \u201ev\u00fdrobce\u201c) a z\u00e1kazn\u00edkem (d\u00e1le jen \u201ez\u00e1kazn\u00edk\u201c) v r\u00e1mci v\u00fdroby reproduktor\u016f na zak\u00e1zku.<\/p>\n<p>1.2 Obchodn\u00ed podm\u00ednky jsou ned\u00edlnou sou\u010d\u00e1st\u00ed smlouvy uzav\u0159en\u00e9 mezi v\u00fdrobcem a z\u00e1kazn\u00edkem. Jak\u00e9koliv zm\u011bny nebo odchylky od t\u011bchto podm\u00ednek mus\u00ed b\u00fdt p\u00edsemn\u011b dohodnuty mezi ob\u011bma stranami.<\/p>\n<p><strong>II. P\u0159edm\u011bt smlouvy<\/strong><\/p>\n<p>2.1 P\u0159edm\u011btem smlouvy je v\u00fdroba a dod\u00e1n\u00ed reproduktoru nebo reproduktorov\u00e9ho syst\u00e9mu na zak\u00e1zku podle specifikac\u00ed poskytnut\u00fdch z\u00e1kazn\u00edkem.<\/p>\n<p>2.2 Specifikace produktu mus\u00ed b\u00fdt mezi stranami p\u00edsemn\u011b dohodnuty a potvrzeny p\u0159ed zah\u00e1jen\u00edm v\u00fdroby. Z\u00e1kazn\u00edk je povinen poskytnout v\u0161echny pot\u0159ebn\u00e9 technick\u00e9 \u00fadaje a informace pro v\u00fdrobu reproduktoru.<\/p>\n<p><strong>III. Ceny a platebn\u00ed podm\u00ednky<\/strong><\/p>\n<p>3.1 Cena za v\u00fdrobu reproduktoru je stanovena na z\u00e1klad\u011b specifikac\u00ed z\u00e1kazn\u00edka a m\u016f\u017ee b\u00fdt upravena v z\u00e1vislosti na zm\u011bn\u00e1ch po\u017eadavk\u016f z\u00e1kazn\u00edka b\u011bhem v\u00fdroby.<\/p>\n<p>3.2 Cena je uvedena v platn\u00e9 m\u011bn\u011b a je k n\u00ed p\u0159ipo\u010d\u00edt\u00e1na DPH v souladu s platn\u00fdmi pr\u00e1vn\u00edmi p\u0159edpisy.<\/p>\n<p>3.3 Platebn\u00ed podm\u00ednky jsou n\u00e1sleduj\u00edc\u00ed: platba prob\u00edh\u00e1 p\u0159evodem na \u00fa\u010det v\u00fdrobce uveden\u00fd ve smlouv\u011b nebo na faktu\u0159e.<\/p>\n<p><strong>IV. Term\u00edny a dod\u00e1n\u00ed<\/strong><\/p>\n<p>4.1 Dodac\u00ed lh\u016fta je stanovena na z\u00e1klad\u011b dohodnut\u00fdch specifikac\u00ed a slo\u017eitosti v\u00fdroby. Z\u00e1kazn\u00edk bude o term\u00ednu dod\u00e1n\u00ed informov\u00e1n.<\/p>\n<p>4.2 V\u00fdrobce si vyhrazuje pr\u00e1vo prodlou\u017eit term\u00edn dod\u00e1n\u00ed v p\u0159\u00edpad\u011b, \u017ee dojde k nep\u0159edv\u00eddan\u00fdm okolnostem, kter\u00e9 nelze ovlivnit (nap\u0159\u00edklad zpo\u017ed\u011bn\u00ed u dodavatel\u016f komponent\u016f nebo technick\u00e9 probl\u00e9my p\u0159i v\u00fdrob\u011b).<\/p>\n<p>4.3 M\u00edsto dod\u00e1n\u00ed je specifikov\u00e1no ve smlouv\u011b nebo faktu\u0159e. V p\u0159\u00edpad\u011b, \u017ee nen\u00ed dohodnuto jinak, bude zbo\u017e\u00ed dod\u00e1no na adresu z\u00e1kazn\u00edka.<\/p>\n<p><strong>V. P\u0159eprava a riziko<\/strong><\/p>\n<p>5.1 Zbo\u017e\u00ed bude dod\u00e1no na n\u00e1klady a riziko z\u00e1kazn\u00edka, pokud nen\u00ed dohodnuto jinak.<\/p>\n<p>5.2 P\u0159eprava zbo\u017e\u00ed je zaji\u0161\u0165ov\u00e1na p\u0159epravcem ur\u010den\u00fdm v\u00fdrobcem nebo z\u00e1kazn\u00edkem. V\u00fdrobce nen\u00ed odpov\u011bdn\u00fd za \u0161kody vznikl\u00e9 p\u0159i p\u0159eprav\u011b.<\/p>\n<p><strong>VI. Pr\u00e1va a povinnosti stran<\/strong><\/p>\n<p>6.1 Z\u00e1kazn\u00edk je povinen zajistit, aby v\u0161echny poskytnut\u00e9 informace byly spr\u00e1vn\u00e9 a \u00fapln\u00e9. Jak\u00e9koliv zm\u011bny v po\u017eadavc\u00edch na reproduktory mus\u00ed b\u00fdt v\u00fdrobci ozn\u00e1meny co nejd\u0159\u00edve.<\/p>\n<p>6.2 V\u00fdrobce se zavazuje vyrobit reproduktor podle specifikac\u00ed z\u00e1kazn\u00edka a poskytnout z\u00e1ruku na kvalitu zbo\u017e\u00ed v rozsahu stanoven\u00e9m platn\u00fdmi pr\u00e1vn\u00edmi p\u0159edpisy.<\/p>\n<p>6.3 V\u00fdrobce nenese odpov\u011bdnost za jak\u00e9koli \u0161kody vznikl\u00e9 nespr\u00e1vn\u00fdm pou\u017eit\u00edm v\u00fdrobku z\u00e1kazn\u00edkem nebo jeho po\u0161kozen\u00edm zp\u016fsoben\u00fdm neodborn\u00fdm zach\u00e1zen\u00edm.<\/p>\n<p><strong>VII. Reklamace a z\u00e1ruka<\/strong><\/p>\n<p>7.1 Z\u00e1kazn\u00edk je povinen p\u0159i p\u0159evzet\u00ed zbo\u017e\u00ed zkontrolovat, zda je zbo\u017e\u00ed kompletn\u00ed a nepo\u0161kozen\u00e9. Reklamace na po\u0161kozen\u00e9 zbo\u017e\u00ed mus\u00ed b\u00fdt pod\u00e1na okam\u017eit\u011b po p\u0159evzet\u00ed zbo\u017e\u00ed.<\/p>\n<p>7.2 V\u00fdrobce poskytuje z\u00e1ruku na v\u00fdrobn\u00ed vady po dobu [xx] m\u011bs\u00edc\u016f od data dod\u00e1n\u00ed. Z\u00e1ruka se nevztahuje na \u0161kody zp\u016fsoben\u00e9 nespr\u00e1vn\u00fdm pou\u017eit\u00edm nebo po\u0161kozen\u00edm v\u00fdrobku.<\/p>\n<p>7.3 V p\u0159\u00edpad\u011b reklamace se z\u00e1kazn\u00edk zavazuje poskytnout v\u00fdrobci dostate\u010dn\u00e9 informace o povaze vady. V\u00fdrobce rozhodne, zda bude provedena oprava nebo v\u00fdm\u011bna zbo\u017e\u00ed.<\/p>\n<p><strong>VIII. Ochrana osobn\u00edch \u00fadaj\u016f<\/strong><\/p>\n<p>8.1 V\u00fdrobce se zavazuje chr\u00e1nit osobn\u00ed \u00fadaje z\u00e1kazn\u00edka v souladu s platn\u00fdmi pr\u00e1vn\u00edmi p\u0159edpisy o ochran\u011b osobn\u00edch \u00fadaj\u016f.<\/p>\n<p>8.2 Z\u00e1kazn\u00edk souhlas\u00ed s t\u00edm, \u017ee v\u00fdrobce bude shroma\u017e\u010fovat, uchov\u00e1vat a zpracov\u00e1vat osobn\u00ed \u00fadaje v rozsahu pot\u0159ebn\u00e9m pro uzav\u0159en\u00ed a pln\u011bn\u00ed smlouvy.<\/p>\n<p><strong>IX. Z\u00e1v\u011bre\u010dn\u00e1 ustanoven\u00ed<\/strong><\/p>\n<p>9.1 Tyto obchodn\u00ed podm\u00ednky jsou \u00fa\u010dinn\u00e9 od [datum] a plat\u00ed pro v\u0161echny smlouvy uzav\u0159en\u00e9 od tohoto data.<\/p>\n<p>9.2 Jak\u00e9koliv spory, kter\u00e9 vzniknou v souvislosti s t\u011bmito obchodn\u00edmi podm\u00ednkami, budou \u0159e\u0161eny dle platn\u00e9ho pr\u00e1va \u010cesk\u00e9 republiky. P\u0159\u00edslu\u0161n\u00fd soud pro \u0159e\u0161en\u00ed spor\u016f je [m\u011bsto\/soud].<\/p>\n<p>9.3 V\u00fdrobce si vyhrazuje pr\u00e1vo zm\u011bnit tyto obchodn\u00ed podm\u00ednky. Zm\u011bny budou zve\u0159ejn\u011bny na webov\u00fdch str\u00e1nk\u00e1ch v\u00fdrobce a vstoup\u00ed v platnost dnem jejich zve\u0159ejn\u011bn\u00ed.<\/p>\t\t\t\t\t\t\t\t<\/div>\n\t\t\t\t<\/div>\n\t\t\t\t\t<\/div>\n\t\t\t\t<\/div>\n\t\t<div class=\"elementor-element elementor-element-0634640 e-flex e-con-boxed e-con e-parent\" data-id=\"0634640\" data-element_type=\"container\" data-e-type=\"container\" data-settings=\"{&quot;background_background&quot;:&quot;classic&quot;}\">\n\t\t\t\t\t<div class=\"e-con-inner\">\n\t\t<div class=\"elementor-element elementor-element-59cc6f9 e-con-full e-flex e-con e-child\" data-id=\"59cc6f9\" data-element_type=\"container\" data-e-type=\"container\" data-settings=\"{&quot;background_background&quot;:&quot;classic&quot;}\">\n\t\t\t\t<div class=\"elementor-element elementor-element-7bcaae4 elementor-widget-divider--view-line elementor-widget elementor-widget-divider\" data-id=\"7bcaae4\" data-element_type=\"widget\" data-e-type=\"widget\" data-widget_type=\"divider.default\">\n\t\t\t\t<div class=\"elementor-widget-container\">\n\t\t\t\t\t\t\t<div class=\"elementor-divider\">\n\t\t\t<span class=\"elementor-divider-separator\">\n\t\t\t\t\t\t<\/span>\n\t\t<\/div>\n\t\t\t\t\t\t<\/div>\n\t\t\t\t<\/div>\n\t\t\t\t<\/div>\n\t\t<div class=\"elementor-element elementor-element-a5a3ef0 e-con-full e-flex e-con e-child\" data-id=\"a5a3ef0\" data-element_type=\"container\" data-e-type=\"container\" data-settings=\"{&quot;background_background&quot;:&quot;classic&quot;}\">\n\t\t<div class=\"elementor-element elementor-element-a257b0f e-con-full e-flex e-con e-child\" data-id=\"a257b0f\" data-element_type=\"container\" data-e-type=\"container\">\n\t\t\t\t<div class=\"elementor-element elementor-element-1a45423 elementor-view-default elementor-widget elementor-widget-icon\" data-id=\"1a45423\" data-element_type=\"widget\" data-e-type=\"widget\" data-widget_type=\"icon.default\">\n\t\t\t\t<div class=\"elementor-widget-container\">\n\t\t\t\t\t\t\t<div class=\"elementor-icon-wrapper\">\n\t\t\t<div class=\"elementor-icon\">\n\t\t\t<i aria-hidden=\"true\" class=\"icon icon-email\"><\/i>\t\t\t<\/div>\n\t\t<\/div>\n\t\t\t\t\t\t<\/div>\n\t\t\t\t<\/div>\n\t\t\t\t<\/div>\n\t\t<div class=\"elementor-element elementor-element-38cf750 e-con-full e-flex e-con e-child\" data-id=\"38cf750\" data-element_type=\"container\" data-e-type=\"container\">\n\t\t\t\t<div class=\"elementor-element elementor-element-9c86d17 elementor-widget elementor-widget-heading\" data-id=\"9c86d17\" data-element_type=\"widget\" data-e-type=\"widget\" data-widget_type=\"heading.default\">\n\t\t\t\t<div class=\"elementor-widget-container\">\n\t\t\t\t\t<h6 class=\"elementor-heading-title elementor-size-default wp-block-heading\">pkocourek@idetone.cz<\/h6>\t\t\t\t<\/div>\n\t\t\t\t<\/div>\n\t\t\t\t<\/div>\n\t\t<div class=\"elementor-element elementor-element-23ef5f0 e-con-full e-flex e-con e-child\" data-id=\"23ef5f0\" data-element_type=\"container\" data-e-type=\"container\">\n\t\t\t\t<div class=\"elementor-element elementor-element-7ea5d78 elementor-widget elementor-widget-heading\" data-id=\"7ea5d78\" data-element_type=\"widget\" data-e-type=\"widget\" data-widget_type=\"heading.default\">\n\t\t\t\t<div class=\"elementor-widget-container\">\n\t\t\t\t\t<h6 class=\"elementor-heading-title elementor-size-default\"><a href=\"https:\/\/idetone.cz\/?page_id=3&#038;preview=true\">Obchodn\u00ed podm\u00ednky<\/a><\/h6>\t\t\t\t<\/div>\n\t\t\t\t<\/div>\n\t\t\t\t<\/div>\n\t\t\t\t<\/div>\n\t\t<div class=\"elementor-element elementor-element-6577be7 e-con-full e-flex e-con e-child\" data-id=\"6577be7\" data-element_type=\"container\" data-e-type=\"container\" data-settings=\"{&quot;background_background&quot;:&quot;classic&quot;}\">\n\t\t\t\t<div class=\"elementor-element elementor-element-89ec0d2 elementor-widget elementor-widget-heading\" data-id=\"89ec0d2\" data-element_type=\"widget\" data-e-type=\"widget\" data-widget_type=\"heading.default\">\n\t\t\t\t<div class=\"elementor-widget-container\">\n\t\t\t\t\t<div class=\"elementor-heading-title elementor-size-default\">Copyright \u00a9 2025 ideTone.cz<\/div>\t\t\t\t<\/div>\n\t\t\t\t<\/div>\n\t\t\t\t<\/div>\n\t\t\t\t\t<\/div>\n\t\t\t\t<\/div>\n\t\t\t\t<\/div>\n\t\t","protected":false},"excerpt":{"rendered":"<p>i d e T o n e Reprosoustavy Reva Sara Zak\u00e1zkov\u00e9 projekty O ideTone Technologie Kontakty Objednat X Obchodn\u00ed podm\u00ednky [&hellip;]<\/p>\n","protected":false},"author":1,"featured_media":0,"parent":0,"menu_order":0,"comment_status":"closed","ping_status":"closed","template":"elementor_canvas","meta":{"site-sidebar-layout":"default","site-content-layout":"","ast-site-content-layout":"default","site-content-style":"default","site-sidebar-style":"default","ast-global-header-display":"","ast-banner-title-visibility":"","ast-main-header-display":"","ast-hfb-above-header-display":"","ast-hfb-below-header-display":"","ast-hfb-mobile-header-display":"","site-post-title":"","ast-breadcrumbs-content":"","ast-featured-img":"","footer-sml-layout":"","ast-disable-related-posts":"","theme-transparent-header-meta":"default","adv-header-id-meta":"","stick-header-meta":"","header-above-stick-meta":"","header-main-stick-meta":"","header-below-stick-meta":"","astra-migrate-meta-layouts":"set","ast-page-background-enabled":"default","ast-page-background-meta":{"desktop":{"background-color":"var(--ast-global-color-5)","background-image":"","background-repeat":"repeat","background-position":"center center","background-size":"auto","background-attachment":"scroll","background-type":"","background-media":"","overlay-type":"","overlay-color":"","overlay-opacity":"","overlay-gradient":""},"tablet":{"background-color":"","background-image":"","background-repeat":"repeat","background-position":"center center","background-size":"auto","background-attachment":"scroll","background-type":"","background-media":"","overlay-type":"","overlay-color":"","overlay-opacity":"","overlay-gradient":""},"mobile":{"background-color":"","background-image":"","background-repeat":"repeat","background-position":"center center","background-size":"auto","background-attachment":"scroll","background-type":"","background-media":"","overlay-type":"","overlay-color":"","overlay-opacity":"","overlay-gradient":""}},"ast-content-background-meta":{"desktop":{"background-color":"var(--ast-global-color-4)","background-image":"","background-repeat":"repeat","background-position":"center center","background-size":"auto","background-attachment":"scroll","background-type":"","background-media":"","overlay-type":"","overlay-color":"","overlay-opacity":"","overlay-gradient":""},"tablet":{"background-color":"var(--ast-global-color-4)","background-image":"","background-repeat":"repeat","background-position":"center center","background-size":"auto","background-attachment":"scroll","background-type":"","background-media":"","overlay-type":"","overlay-color":"","overlay-opacity":"","overlay-gradient":""},"mobile":{"background-color":"var(--ast-global-color-4)","background-image":"","background-repeat":"repeat","background-position":"center center","background-size":"auto","background-attachment":"scroll","background-type":"","background-media":"","overlay-type":"","overlay-color":"","overlay-opacity":"","overlay-gradient":""}},"iawp_total_views":81,"footnotes":""},"class_list":["post-3","page","type-page","status-publish","hentry"],"_links":{"self":[{"href":"https:\/\/idetone.cz\/index.php\/wp-json\/wp\/v2\/pages\/3","targetHints":{"allow":["GET"]}}],"collection":[{"href":"https:\/\/idetone.cz\/index.php\/wp-json\/wp\/v2\/pages"}],"about":[{"href":"https:\/\/idetone.cz\/index.php\/wp-json\/wp\/v2\/types\/page"}],"author":[{"embeddable":true,"href":"https:\/\/idetone.cz\/index.php\/wp-json\/wp\/v2\/users\/1"}],"replies":[{"embeddable":true,"href":"https:\/\/idetone.cz\/index.php\/wp-json\/wp\/v2\/comments?post=3"}],"version-history":[{"count":44,"href":"https:\/\/idetone.cz\/index.php\/wp-json\/wp\/v2\/pages\/3\/revisions"}],"predecessor-version":[{"id":3522,"href":"https:\/\/idetone.cz\/index.php\/wp-json\/wp\/v2\/pages\/3\/revisions\/3522"}],"wp:attachment":[{"href":"https:\/\/idetone.cz\/index.php\/wp-json\/wp\/v2\/media?parent=3"}],"curies":[{"name":"wp","href":"https:\/\/api.w.org\/{rel}","templated":true}]}}