{"id":56,"date":"2025-02-10T08:06:58","date_gmt":"2025-02-10T08:06:58","guid":{"rendered":"https:\/\/idetone.cz\/?page_id=56"},"modified":"2026-03-18T21:53:41","modified_gmt":"2026-03-18T21:53:41","slug":"o-idetone","status":"publish","type":"page","link":"https:\/\/idetone.cz\/index.php\/o-idetone\/","title":{"rendered":"O ideTone"},"content":{"rendered":"\t\t<div data-elementor-type=\"wp-page\" data-elementor-id=\"56\" class=\"elementor elementor-56\">\n\t\t\t\t<div class=\"elementor-element elementor-element-002f057 e-con-full e-flex e-con e-parent\" data-id=\"002f057\" data-element_type=\"container\" data-e-type=\"container\" data-settings=\"{&quot;background_background&quot;:&quot;classic&quot;,&quot;animation&quot;:&quot;none&quot;,&quot;position&quot;:&quot;fixed&quot;}\">\n\t\t<a class=\"elementor-element elementor-element-3114c19 e-con-full e-flex e-con e-child\" data-id=\"3114c19\" data-element_type=\"container\" data-e-type=\"container\" href=\"https:\/\/idetone.cz\/\">\n\t\t\t\t<div class=\"elementor-element elementor-element-32b11c0 elementor-widget elementor-widget-heading\" data-id=\"32b11c0\" data-element_type=\"widget\" data-e-type=\"widget\" data-widget_type=\"heading.default\">\n\t\t\t\t<div class=\"elementor-widget-container\">\n\t\t\t\t\t<h3 class=\"elementor-heading-title elementor-size-default\">i d e<\/h3>\t\t\t\t<\/div>\n\t\t\t\t<\/div>\n\t\t\t\t<div class=\"elementor-element elementor-element-fe2d31f elementor-widget elementor-widget-heading\" data-id=\"fe2d31f\" data-element_type=\"widget\" data-e-type=\"widget\" data-widget_type=\"heading.default\">\n\t\t\t\t<div class=\"elementor-widget-container\">\n\t\t\t\t\t<h3 class=\"elementor-heading-title elementor-size-default\">T o n e<\/h3>\t\t\t\t<\/div>\n\t\t\t\t<\/div>\n\t\t\t\t<\/a>\n\t\t\t\t<div class=\"elementor-element elementor-element-41f6631 elementor-widget elementor-widget-ekit-nav-menu\" data-id=\"41f6631\" data-element_type=\"widget\" data-e-type=\"widget\" data-widget_type=\"ekit-nav-menu.default\">\n\t\t\t\t<div class=\"elementor-widget-container\">\n\t\t\t\t\t\t\t<nav class=\"ekit-wid-con ekit_menu_responsive_tablet\"\n\t\t\tdata-hamburger-icon=\"\"\n\t\t\tdata-hamburger-icon-type=\"icon\"\n\t\t\tdata-responsive-breakpoint=\"1024\">\n\t\t\t            <button class=\"elementskit-menu-hamburger elementskit-menu-toggler\"  type=\"button\" aria-label=\"hamburger-icon\">\n                                    <span class=\"elementskit-menu-hamburger-icon\"><\/span><span class=\"elementskit-menu-hamburger-icon\"><\/span><span class=\"elementskit-menu-hamburger-icon\"><\/span>\n                            <\/button>\n            <div id=\"ekit-megamenu-idetone-menu\" class=\"elementskit-menu-container elementskit-menu-offcanvas-elements elementskit-navbar-nav-default ekit-nav-menu-one-page- ekit-nav-dropdown-hover\"><ul id=\"menu-idetone-menu\" class=\"elementskit-navbar-nav elementskit-menu-po-right submenu-click-on-icon\"><li id=\"menu-item-2000\" class=\"menu-item menu-item-type-custom menu-item-object-custom menu-item-has-children menu-item-2000 nav-item elementskit-dropdown-has relative_position elementskit-dropdown-menu-default_width elementskit-mobile-builder-content\" data-vertical-menu=750px><a role=\"button\" aria-expanded=\"false\" href=\"#\" class=\"ekit-menu-nav-link ekit-menu-dropdown-toggle menu-link\">Reprosoustavy<i aria-hidden=\"true\" class=\"icon icon-down-arrow1 elementskit-submenu-indicator\"><\/i><\/a>\n<ul class=\"elementskit-dropdown elementskit-submenu-panel\">\n\t<li id=\"menu-item-76\" class=\"menu-item menu-item-type-post_type menu-item-object-page menu-item-76 nav-item elementskit-mobile-builder-content\" data-vertical-menu=750px><a href=\"https:\/\/idetone.cz\/index.php\/reva\/\" class=\" dropdown-item menu-link\">Reva<\/a>\t<li id=\"menu-item-73\" class=\"menu-item menu-item-type-post_type menu-item-object-page menu-item-73 nav-item elementskit-mobile-builder-content\" data-vertical-menu=750px><a href=\"https:\/\/idetone.cz\/index.php\/sara\/\" class=\" dropdown-item menu-link\">Sara<\/a>\t<li id=\"menu-item-2475\" class=\"menu-item menu-item-type-custom menu-item-object-custom menu-item-2475 nav-item elementskit-mobile-builder-content\" data-vertical-menu=750px><a href=\"#\" class=\" dropdown-item menu-link\">Zak\u00e1zkov\u00e9 projekty<\/a><\/ul>\n<\/li>\n<li id=\"menu-item-74\" class=\"menu-item menu-item-type-post_type menu-item-object-page menu-item-74 nav-item elementskit-mobile-builder-content\" data-vertical-menu=750px><a href=\"https:\/\/idetone.cz\/index.php\/o-idetone\/\" class=\"ekit-menu-nav-link menu-link\">O ideTone<\/a><\/li>\n<li id=\"menu-item-237\" class=\"menu-item menu-item-type-post_type menu-item-object-page menu-item-237 nav-item elementskit-mobile-builder-content\" data-vertical-menu=750px><a href=\"https:\/\/idetone.cz\/index.php\/technologie\/\" class=\"ekit-menu-nav-link menu-link\">Technologie<\/a><\/li>\n<li id=\"menu-item-75\" class=\"menu-item menu-item-type-post_type menu-item-object-page menu-item-75 nav-item elementskit-mobile-builder-content\" data-vertical-menu=750px><a href=\"https:\/\/idetone.cz\/index.php\/kontakty\/\" class=\"ekit-menu-nav-link menu-link\">Kontakty<\/a><\/li>\n<li id=\"menu-item-241\" class=\"menu-item menu-item-type-post_type menu-item-object-page menu-item-241 nav-item elementskit-mobile-builder-content\" data-vertical-menu=750px><a href=\"https:\/\/idetone.cz\/index.php\/objednat\/\" class=\"ekit-menu-nav-link menu-link\">Objednat<\/a><\/li>\n<\/ul><div class=\"elementskit-nav-identity-panel\"><a class=\"elementskit-nav-logo\" href=\"https:\/\/idetone.cz\" target=\"\" rel=\"\"><img src=\"https:\/\/idetone.cz\/wp-content\/uploads\/2025\/02\/placeholder-661-1.png\" title=\"placeholder-661-1.png\" alt=\"placeholder-661-1.png\" decoding=\"async\" \/><\/a><button class=\"elementskit-menu-close elementskit-menu-toggler\" type=\"button\">X<\/button><\/div><\/div>\n\t\t\t<div class=\"elementskit-menu-overlay elementskit-menu-offcanvas-elements elementskit-menu-toggler ekit-nav-menu--overlay\"><\/div>        <\/nav>\n\t\t\t\t\t\t<\/div>\n\t\t\t\t<\/div>\n\t\t\t\t<\/div>\n\t\t<div class=\"elementor-element elementor-element-5065156 e-con-full e-flex e-con e-parent\" data-id=\"5065156\" data-element_type=\"container\" data-e-type=\"container\" data-settings=\"{&quot;background_background&quot;:&quot;classic&quot;}\">\n\t\t\t\t<div class=\"elementor-element elementor-element-9ae8e51 elementor-widget elementor-widget-heading\" data-id=\"9ae8e51\" data-element_type=\"widget\" data-e-type=\"widget\" data-widget_type=\"heading.default\">\n\t\t\t\t<div class=\"elementor-widget-container\">\n\t\t\t\t\t<h2 class=\"elementor-heading-title elementor-size-default\">O ideTone<\/h2>\t\t\t\t<\/div>\n\t\t\t\t<\/div>\n\t\t\t\t<div class=\"elementor-element elementor-element-44a3057 elementor-widget-divider--view-line elementor-widget elementor-widget-divider\" data-id=\"44a3057\" data-element_type=\"widget\" data-e-type=\"widget\" data-widget_type=\"divider.default\">\n\t\t\t\t<div class=\"elementor-widget-container\">\n\t\t\t\t\t\t\t<div class=\"elementor-divider\">\n\t\t\t<span class=\"elementor-divider-separator\">\n\t\t\t\t\t\t<\/span>\n\t\t<\/div>\n\t\t\t\t\t\t<\/div>\n\t\t\t\t<\/div>\n\t\t\t\t<\/div>\n\t\t<div class=\"elementor-element elementor-element-fca8849 e-con-full e-flex e-con e-parent\" data-id=\"fca8849\" data-element_type=\"container\" data-e-type=\"container\">\n\t\t<div class=\"elementor-element elementor-element-8213735 e-con-full e-flex e-con e-child\" data-id=\"8213735\" data-element_type=\"container\" data-e-type=\"container\" data-settings=\"{&quot;background_background&quot;:&quot;classic&quot;}\">\n\t\t\t\t<div class=\"elementor-element elementor-element-b35b3d1 elementor-widget elementor-widget-text-editor\" data-id=\"b35b3d1\" data-element_type=\"widget\" data-e-type=\"widget\" data-widget_type=\"text-editor.default\">\n\t\t\t\t<div class=\"elementor-widget-container\">\n\t\t\t\t\t\t\t\t\t<p>Moje cesta za hudbou a dobr\u00fdm zvukem za\u010dala ji\u017e p\u0159ed mnoha roky a velmi z\u00e1hy se vyprofilovala v diy zna\u010dku PKAudio.\u00a0 Zalo\u017een\u00ed zna\u010dky ideTone je vy\u00fast\u011bn\u00edm ve\u0161ker\u00e9ho v\u00fdvoje a zku\u0161enost\u00ed z\u00edskan\u00fdch b\u011bhem.<br \/>C\u00edlem ideTone je nab\u00eddnout zvukov\u011b, technicky i esteticky dokonal\u00e9 a vyv\u00e1\u017een\u00e9 reprosoustavy, kter\u00e9 nechaj\u00ed vyniknout hudb\u011b i s jej\u00edm emocion\u00e1ln\u00edm n\u00e1bojem.<br \/>Reprosoustava je slo\u017eit\u00fd celek, ve kter\u00e9m se prot\u00ednaj\u00ed nejen \u010dist\u011b technick\u00e9, ale i emo\u010dn\u00ed a estetick\u00e9 aspekty. Nav\u00edc je reprosoustava sou\u010d\u00e1st\u00ed syst\u00e9mu a poslechov\u00e9ho prostoru, kter\u00e9 maj\u00ed z\u00e1sadn\u00ed vliv na v\u00fdsledn\u00fd poslechov\u00fd i estetick\u00fd dojem. Tohle v\u0161echno zohled\u0148uji v m\u00e9m p\u0159\u00edstupu k v\u00fdvoji reprosoustav a p\u0159edev\u0161\u00edm zvukov\u00e9m lad\u011bn\u00ed, a cel\u00fd proces tak prov\u00e1z\u00ed snaha o vyv\u00e1\u017eenost a synergii.<\/p><p>P\u0159eji p\u0159\u00edjemn\u00fd poslech,<\/p><p>Petr Kocourek<\/p>\t\t\t\t\t\t\t\t<\/div>\n\t\t\t\t<\/div>\n\t\t\t\t<\/div>\n\t\t<div class=\"elementor-element elementor-element-3941536 e-con-full e-flex e-con e-child\" data-id=\"3941536\" data-element_type=\"container\" data-e-type=\"container\" data-settings=\"{&quot;background_background&quot;:&quot;classic&quot;}\">\n\t\t<div class=\"elementor-element elementor-element-0b6b604 e-con-full e-flex e-con e-child\" data-id=\"0b6b604\" data-element_type=\"container\" data-e-type=\"container\" data-settings=\"{&quot;background_background&quot;:&quot;classic&quot;}\">\n\t\t\t\t<\/div>\n\t\t<div class=\"elementor-element elementor-element-2300bfc e-con-full e-flex e-con e-child\" data-id=\"2300bfc\" data-element_type=\"container\" data-e-type=\"container\" data-settings=\"{&quot;background_background&quot;:&quot;classic&quot;}\">\n\t\t\t\t<\/div>\n\t\t<div class=\"elementor-element elementor-element-33bd1e5 e-con-full e-flex e-con e-child\" data-id=\"33bd1e5\" data-element_type=\"container\" data-e-type=\"container\" data-settings=\"{&quot;background_background&quot;:&quot;classic&quot;}\">\n\t\t\t\t<\/div>\n\t\t\t\t<\/div>\n\t\t\t\t<\/div>\n\t\t<div class=\"elementor-element elementor-element-3e4c385 e-con-full e-flex e-con e-parent\" data-id=\"3e4c385\" data-element_type=\"container\" data-e-type=\"container\" data-settings=\"{&quot;background_background&quot;:&quot;classic&quot;}\">\n\t\t<div class=\"elementor-element elementor-element-6aadf76 e-con-full e-flex e-con e-child\" data-id=\"6aadf76\" data-element_type=\"container\" data-e-type=\"container\" data-settings=\"{&quot;background_background&quot;:&quot;classic&quot;}\">\n\t\t\t\t<div class=\"elementor-element elementor-element-c4babd2 elementor-widget-divider--view-line elementor-widget elementor-widget-divider\" data-id=\"c4babd2\" data-element_type=\"widget\" data-e-type=\"widget\" data-widget_type=\"divider.default\">\n\t\t\t\t<div class=\"elementor-widget-container\">\n\t\t\t\t\t\t\t<div class=\"elementor-divider\">\n\t\t\t<span class=\"elementor-divider-separator\">\n\t\t\t\t\t\t<\/span>\n\t\t<\/div>\n\t\t\t\t\t\t<\/div>\n\t\t\t\t<\/div>\n\t\t\t\t<\/div>\n\t\t<div class=\"elementor-element elementor-element-3950652 e-con-full e-flex e-con e-child\" data-id=\"3950652\" data-element_type=\"container\" data-e-type=\"container\" data-settings=\"{&quot;background_background&quot;:&quot;classic&quot;}\">\n\t\t<div class=\"elementor-element elementor-element-669d373 e-con-full e-flex e-con e-child\" data-id=\"669d373\" data-element_type=\"container\" data-e-type=\"container\">\n\t\t\t\t<div class=\"elementor-element elementor-element-f9a90b4 elementor-view-default elementor-widget elementor-widget-icon\" data-id=\"f9a90b4\" data-element_type=\"widget\" data-e-type=\"widget\" data-widget_type=\"icon.default\">\n\t\t\t\t<div class=\"elementor-widget-container\">\n\t\t\t\t\t\t\t<div class=\"elementor-icon-wrapper\">\n\t\t\t<div class=\"elementor-icon\">\n\t\t\t<i aria-hidden=\"true\" class=\"icon icon-email\"><\/i>\t\t\t<\/div>\n\t\t<\/div>\n\t\t\t\t\t\t<\/div>\n\t\t\t\t<\/div>\n\t\t\t\t<\/div>\n\t\t<div class=\"elementor-element elementor-element-be7ec24 e-con-full e-flex e-con e-child\" data-id=\"be7ec24\" data-element_type=\"container\" data-e-type=\"container\">\n\t\t\t\t<div class=\"elementor-element elementor-element-dba6873 elementor-widget elementor-widget-heading\" data-id=\"dba6873\" data-element_type=\"widget\" data-e-type=\"widget\" data-widget_type=\"heading.default\">\n\t\t\t\t<div class=\"elementor-widget-container\">\n\t\t\t\t\t<h6 class=\"elementor-heading-title elementor-size-default\">pkocourek@idetone.cz<\/h6>\t\t\t\t<\/div>\n\t\t\t\t<\/div>\n\t\t\t\t<\/div>\n\t\t<div class=\"elementor-element elementor-element-e5a7d30 e-con-full e-flex e-con e-child\" data-id=\"e5a7d30\" data-element_type=\"container\" data-e-type=\"container\">\n\t\t\t\t<div class=\"elementor-element elementor-element-1d9d384 elementor-widget elementor-widget-heading\" data-id=\"1d9d384\" data-element_type=\"widget\" data-e-type=\"widget\" data-widget_type=\"heading.default\">\n\t\t\t\t<div class=\"elementor-widget-container\">\n\t\t\t\t\t<h6 class=\"elementor-heading-title elementor-size-default\"><a href=\"https:\/\/idetone.cz\/?page_id=3&#038;preview=true\">Obchodn\u00ed podm\u00ednky<\/a><\/h6>\t\t\t\t<\/div>\n\t\t\t\t<\/div>\n\t\t\t\t<\/div>\n\t\t\t\t<\/div>\n\t\t<div class=\"elementor-element elementor-element-9c8cb0c e-con-full e-flex e-con e-child\" data-id=\"9c8cb0c\" data-element_type=\"container\" data-e-type=\"container\" data-settings=\"{&quot;background_background&quot;:&quot;classic&quot;}\">\n\t\t\t\t<div class=\"elementor-element elementor-element-c60b428 elementor-widget elementor-widget-heading\" data-id=\"c60b428\" data-element_type=\"widget\" data-e-type=\"widget\" data-widget_type=\"heading.default\">\n\t\t\t\t<div class=\"elementor-widget-container\">\n\t\t\t\t\t<div class=\"elementor-heading-title elementor-size-default\">Copyright \u00a9 2025 ideTone.cz<\/div>\t\t\t\t<\/div>\n\t\t\t\t<\/div>\n\t\t\t\t<\/div>\n\t\t\t\t<\/div>\n\t\t\t\t<\/div>\n\t\t","protected":false},"excerpt":{"rendered":"<p>i d e T o n e Reprosoustavy Reva Sara Zak\u00e1zkov\u00e9 projekty O ideTone Technologie Kontakty Objednat X O ideTone [&hellip;]<\/p>\n","protected":false},"author":2,"featured_media":0,"parent":0,"menu_order":0,"comment_status":"closed","ping_status":"closed","template":"elementor_canvas","meta":{"site-sidebar-layout":"no-sidebar","site-content-layout":"","ast-site-content-layout":"full-width-container","site-content-style":"default","site-sidebar-style":"default","ast-global-header-display":"","ast-banner-title-visibility":"","ast-main-header-display":"","ast-hfb-above-header-display":"","ast-hfb-below-header-display":"","ast-hfb-mobile-header-display":"","site-post-title":"disabled","ast-breadcrumbs-content":"","ast-featured-img":"disabled","footer-sml-layout":"","ast-disable-related-posts":"","theme-transparent-header-meta":"default","adv-header-id-meta":"","stick-header-meta":"","header-above-stick-meta":"","header-main-stick-meta":"","header-below-stick-meta":"","astra-migrate-meta-layouts":"set","ast-page-background-enabled":"default","ast-page-background-meta":{"desktop":{"background-color":"var(--ast-global-color-5)","background-image":"","background-repeat":"repeat","background-position":"center center","background-size":"auto","background-attachment":"scroll","background-type":"","background-media":"","overlay-type":"","overlay-color":"","overlay-opacity":"","overlay-gradient":""},"tablet":{"background-color":"","background-image":"","background-repeat":"repeat","background-position":"center center","background-size":"auto","background-attachment":"scroll","background-type":"","background-media":"","overlay-type":"","overlay-color":"","overlay-opacity":"","overlay-gradient":""},"mobile":{"background-color":"","background-image":"","background-repeat":"repeat","background-position":"center center","background-size":"auto","background-attachment":"scroll","background-type":"","background-media":"","overlay-type":"","overlay-color":"","overlay-opacity":"","overlay-gradient":""}},"ast-content-background-meta":{"desktop":{"background-color":"var(--ast-global-color-4)","background-image":"","background-repeat":"repeat","background-position":"center center","background-size":"auto","background-attachment":"scroll","background-type":"","background-media":"","overlay-type":"","overlay-color":"","overlay-opacity":"","overlay-gradient":""},"tablet":{"background-color":"var(--ast-global-color-4)","background-image":"","background-repeat":"repeat","background-position":"center center","background-size":"auto","background-attachment":"scroll","background-type":"","background-media":"","overlay-type":"","overlay-color":"","overlay-opacity":"","overlay-gradient":""},"mobile":{"background-color":"var(--ast-global-color-4)","background-image":"","background-repeat":"repeat","background-position":"center center","background-size":"auto","background-attachment":"scroll","background-type":"","background-media":"","overlay-type":"","overlay-color":"","overlay-opacity":"","overlay-gradient":""}},"iawp_total_views":348,"footnotes":""},"class_list":["post-56","page","type-page","status-publish","hentry"],"_links":{"self":[{"href":"https:\/\/idetone.cz\/index.php\/wp-json\/wp\/v2\/pages\/56","targetHints":{"allow":["GET"]}}],"collection":[{"href":"https:\/\/idetone.cz\/index.php\/wp-json\/wp\/v2\/pages"}],"about":[{"href":"https:\/\/idetone.cz\/index.php\/wp-json\/wp\/v2\/types\/page"}],"author":[{"embeddable":true,"href":"https:\/\/idetone.cz\/index.php\/wp-json\/wp\/v2\/users\/2"}],"replies":[{"embeddable":true,"href":"https:\/\/idetone.cz\/index.php\/wp-json\/wp\/v2\/comments?post=56"}],"version-history":[{"count":232,"href":"https:\/\/idetone.cz\/index.php\/wp-json\/wp\/v2\/pages\/56\/revisions"}],"predecessor-version":[{"id":3510,"href":"https:\/\/idetone.cz\/index.php\/wp-json\/wp\/v2\/pages\/56\/revisions\/3510"}],"wp:attachment":[{"href":"https:\/\/idetone.cz\/index.php\/wp-json\/wp\/v2\/media?parent=56"}],"curies":[{"name":"wp","href":"https:\/\/api.w.org\/{rel}","templated":true}]}}